{"id":37,"date":"2016-06-15T05:38:02","date_gmt":"2016-06-15T08:08:02","guid":{"rendered":"http:\/\/inseed.org\/wordpress\/?page_id=37"},"modified":"2016-06-15T05:38:39","modified_gmt":"2016-06-15T08:08:39","slug":"people","status":"publish","type":"page","link":"https:\/\/inseed.org\/wp\/?page_id=37","title":{"rendered":"People"},"content":{"rendered":"<ul>\n<li><strong>President<\/strong>: Sangeeta Shirname, PhD (Education), India<\/li>\n<li><strong>Secretary<\/strong>: Sangita Kulathinal, PhD (Statistics), India<\/li>\n<li><strong>Treasurer<\/strong>: Bijoy Joseph, PhD (Hydrogeology), India<\/li>\n<\/ul>\n<h3>Researchers:<\/h3>\n<ul>\n<li><strong>Biostatistics and multi-disciplinary research<\/strong>: <a href=\"http:\/\/inseed.org\/h\/s\/kulathinals.html\">Sangita Kulathinal<\/a>, PhD (Statistics), Senior scientist<\/li>\n<li><strong>Education<\/strong>: <a href=\"http:\/\/inseed.org\/h\/s\/shirnames.html\">Sangeeta Shirname<\/a>, PhD (Education), Senior researcher<\/li>\n<li><strong>Hydrogeology, environmental science and bioinformatics<\/strong>: <a href=\"http:\/\/inseed.org\/h\/b\/josephb.html\">Bijoy Joseph<\/a>, PhD (Hydrogeology), Senior researcher<\/li>\n<li><strong>Multi-disciplinary research<\/strong>:\n<ol>\n<li>Tuula Virman-Ojanen, Helsinki, Finland<\/li>\n<li>Hitesh Karia, Bachelor of Engineering (Industrial electronics), India. President during 2007-2012<\/li>\n<\/ol>\n<\/li>\n<\/ul>\n<h3>Research collaborators:<\/h3>\n<ul>\n<li><strong>Computers and software<\/strong>: <a href=\"http:\/\/inseed.org\/h\/s\/mandhares.html\">Sachin Mandhare<\/a>, Software Professional, Mumbai, India<\/li>\n<li><strong>Epidemiology<\/strong>: <a href=\"http:\/\/www.ktl.fi\/monica\/public\/mdc\/tolonenh\/index_en.html\">Hanna Tolonen<\/a>, PhD (Epidemiology), National Institute for Health and Welfare (THL), Finland<\/li>\n<li><strong>Language and cultural studies<\/strong>: Biju Joseph, M.A. (English), Lecturer, Marymatha Arts and Science College, Kerala, India<\/li>\n<li><strong>Library science<\/strong>: Indumati Badiani, Retired teacher and librarian, Nashik, India<\/li>\n<li><strong>Mathematics, finance and genetics<\/strong>: <a href=\"http:\/\/www.rni.helsinki.fi\/~dag\/\">Dario Gasbarra<\/a>, PhD (Applied Mathematics), Department of Mathematics and Statistics, University of Helsinki, Finland<\/li>\n<li><strong>Microbiology<\/strong>: Swati Jhunjhunwala, M.Sc. (Microbiology), Consultant microbiologist and president of the Lioness Club (2010-11), Akola, Maharashtra, India. Associated with Lioness club since the last 10 years and undertaking community programmes.<\/li>\n<li><strong>Nutrition<\/strong>:\n<ol>\n<li>Katja Korhonen, M.Sc. (Nutrition), Researcher, Department of Applied Chemistry and Microbiology, University of Helsinki, Finland<\/li>\n<li><a href=\"http:\/\/www.mm.helsinki.fi\/MMKEM\/RAV\/tutkimus\/English\/Diet_and_experimental.htm\">Marja Mutanen<\/a>, PhD (Nutrition), Professor of Nutritional Physiology, Department of Applied Chemistry and Microbiology, University of Helsinki, Finland<\/li>\n<\/ol>\n<\/li>\n<li><strong>Sociology<\/strong>:\n<ol>\n<li><a href=\"http:\/\/www.du.ac.in\/faculty_member_details.htm?id=184\">Tulsi Patel<\/a>, PhD (Sociology), Professor, Department of Sociology, University of Delhi, India<\/li>\n<li>Minna S\u00e4\u00e4v\u00e4l\u00e4, PhD (Sociology), <a href=\"http:\/\/www.vaestoliitto.fi\/in_english\/\">Population Research Institute, The Family Federation of Finland (V\u00e4est\u00f6liitto)<\/a>, Finland<\/li>\n<\/ol>\n<\/li>\n<li><strong>Statistics<\/strong>:\n<ol>\n<li><a href=\"http:\/\/mathstat.helsinki.fi\/henkilot\/kari.auranen.en.html\">Kari Auranen<\/a>, PhD (Biometry), Senior Scientist, National Institute for Health and Welfare (THL), Helsinki, Finland<\/li>\n<li><a href=\"http:\/\/www.isid.ac.in\/~statmath\/homepageisha\/\">Isha Dewan<\/a>, PhD (Statistics), Associate Professor, Stat Math Unit, Indian Statistical Institute, Delhi Centre, India<\/li>\n<li><a href=\"http:\/\/www.thl.fi\/en_US\/web\/en\/aboutus\/organisation\/divisions\">Jukka Jokinen<\/a>, PhD (Biometry), Head, Vaccine Research Unit, National Institute for Health and Welfare (THL), Helsinki, Finland<\/li>\n<li><a href=\"http:\/\/www.ktl.fi\/monica\/public\/mdc\/saarelao\/index_en.html\">Olli Saarela<\/a>, PhD (Statistics), Researcher, International CVD Epidemiology Unit, National Institute for Health and Welfare (THL), Finland.<\/li>\n<li><a href=\"http:\/\/creem2.st-andrews.ac.uk\/staffProfile.aspx?sunID=at81\">Andrew Thomas<\/a>, PhD (Theoretical physics), Research Fellow, The CREEM School of Mathematics and Statistics, University of St Andrews, United Kingdom.<\/li>\n<\/ol>\n<\/li>\n<\/ul>\n<h3>Staff:<\/h3>\n<ul>\n<li><strong>Instructors for non-formal education<\/strong>:\n<ol>\n<li>Nalini Manikrao Chavan: In-charge, INSEED Activity Centre, Kamatwada, Nashik<\/li>\n<li>Jyoti Patil: Drawing and Crafts Instructor, INSEED Activity Centre, Kamatwada, Nashik<\/li>\n<\/ol>\n<\/li>\n<\/ul>\n<h3>Volunteers:<\/h3>\n<ul>\n<li><strong>Thakur Village: Plastic-free suburb of Mumbai<\/strong>\n<ol>\n<li>Shruti Baluni<\/li>\n<li>Priti Modha<\/li>\n<li>Priti Modi<\/li>\n<li>Babita Pachisia<\/li>\n<li>Pamila Pushp<\/li>\n<li>Sunipa Sekhar<\/li>\n<li>Pamila Pushp<\/li>\n<li>Shaheen Desai<\/li>\n<li>Poonam Poddar<\/li>\n<li>Anupama Padi<\/li>\n<li>Rashmi Malik<\/li>\n<li>Shivani<\/li>\n<li>Aashi Gupta<\/li>\n<\/ol>\n<\/li>\n<\/ul>\n","protected":false},"excerpt":{"rendered":"<p>President: Sangeeta Shirname, PhD (Education), India Secretary: Sangita Kulathinal, PhD (Statistics), India Treasurer: Bijoy Joseph, PhD (Hydrogeology), India Researchers: Biostatistics and multi-disciplinary research: Sangita Kulathinal, PhD (Statistics), Senior scientist Education: Sangeeta Shirname, PhD (Education), Senior researcher Hydrogeology, environmental science and bioinformatics: Bijoy Joseph, PhD (Hydrogeology), Senior researcher Multi-disciplinary research: Tuula Virman-Ojanen, Helsinki, Finland Hitesh Karia, Bachelor of Engineering (Industrial electronics),&#46;&#46;&#46;<\/p>\n","protected":false},"author":1,"featured_media":0,"parent":2,"menu_order":0,"comment_status":"closed","ping_status":"closed","template":"","meta":{"footnotes":""},"class_list":["post-37","page","type-page","status-publish","hentry"],"_links":{"self":[{"href":"https:\/\/inseed.org\/wp\/index.php?rest_route=\/wp\/v2\/pages\/37","targetHints":{"allow":["GET"]}}],"collection":[{"href":"https:\/\/inseed.org\/wp\/index.php?rest_route=\/wp\/v2\/pages"}],"about":[{"href":"https:\/\/inseed.org\/wp\/index.php?rest_route=\/wp\/v2\/types\/page"}],"author":[{"embeddable":true,"href":"https:\/\/inseed.org\/wp\/index.php?rest_route=\/wp\/v2\/users\/1"}],"replies":[{"embeddable":true,"href":"https:\/\/inseed.org\/wp\/index.php?rest_route=%2Fwp%2Fv2%2Fcomments&post=37"}],"version-history":[{"count":1,"href":"https:\/\/inseed.org\/wp\/index.php?rest_route=\/wp\/v2\/pages\/37\/revisions"}],"predecessor-version":[{"id":38,"href":"https:\/\/inseed.org\/wp\/index.php?rest_route=\/wp\/v2\/pages\/37\/revisions\/38"}],"up":[{"embeddable":true,"href":"https:\/\/inseed.org\/wp\/index.php?rest_route=\/wp\/v2\/pages\/2"}],"wp:attachment":[{"href":"https:\/\/inseed.org\/wp\/index.php?rest_route=%2Fwp%2Fv2%2Fmedia&parent=37"}],"curies":[{"name":"wp","href":"https:\/\/api.w.org\/{rel}","templated":true}]}}